{"id":70,"date":"2024-07-25T15:34:26","date_gmt":"2024-07-25T15:34:26","guid":{"rendered":"https:\/\/oclata.com\/wp\/avtrix\/?page_id=70"},"modified":"2025-12-24T15:29:24","modified_gmt":"2025-12-24T15:29:24","slug":"contact","status":"publish","type":"page","link":"https:\/\/gemnetwork.social\/?page_id=70","title":{"rendered":"Contact &#8211; Gemnetwork"},"content":{"rendered":"\t\t<div data-elementor-type=\"wp-page\" data-elementor-id=\"70\" class=\"elementor elementor-70\">\n\t\t\t\t<div class=\"elementor-element elementor-element-7c25976 e-con-full e-flex e-con e-parent\" data-id=\"7c25976\" data-element_type=\"container\">\n\t\t<div class=\"elementor-element elementor-element-996febc e-con-full e-flex e-con e-child\" data-id=\"996febc\" data-element_type=\"container\">\n\t\t\t\t<div class=\"elementor-element elementor-element-2cb8b5d elementor-widget elementor-widget-contact\" data-id=\"2cb8b5d\" data-element_type=\"widget\" data-widget_type=\"contact.default\">\n\t\t\t\t<div class=\"elementor-widget-container\">\n\t\t\t\t\t\r\n                    <div class=\"tp-contact__area pt-130 pb-90 black-bg\">\r\n                <div class=\"container\">\r\n                    <div class=\"row\">\r\n                        <div class=\"col-xl-6 col-lg-6\">\r\n                            <div class=\"tp-contact__left\">\r\n                                <div class=\"tp-contact__title-box mb-75\">\r\n                                                                            <h3 class=\"tp-section-title tp-split__text tp-split__in-right mb-35\">\r\n                                            K\u1ebft N\u1ed1i C\u00f9ng <br> Gem Network                                        <\/h3>\r\n                                                                                                                <p class=\"wow tpfadeUp\" data-wow-duration=\".9s\" data-wow-delay=\".3s\">M\u1ed7i k\u1ebft n\u1ed1i l\u00e0 kh\u1edfi \u0111\u1ea7u cho m\u1ed9t h\u00e0nh tr\u00ecnh s\u00e1ng t\u1ea1o m\u1edbi.<\/p>\r\n                                                                    <\/div>\r\n                                <div class=\"tp-contact__content d-flex align-items-center wow tpfadeUp\" data-wow-duration=\".9s\"\r\n                                    data-wow-delay=\".5s\">\r\n                                    <div class=\"tp-contact__text\">\r\n                                                                                    <h3 class=\"tp-contact__title\">Li\u00ean h\u1ec7<\/h3>\r\n                                                                                                                            <a href=\"tel:http:\/\/(+84)%20703622875\" class=\"tp-contact__title-sm\">(+84) 703622875<\/a>\r\n                                                                            <\/div>\r\n                                    <div class=\"tp-contact__email\">\r\n                                                                                    <h3 class=\"tp-contact__title\">Email<\/h3>\r\n                                                                                                                            <a href=\"mailto:http:\/\/hr@gemnetwork.social\" class=\"tp-contact__title-sm\">hr@gemnetwork.social<\/a>\r\n                                                                            <\/div>\r\n                                <\/div>\r\n                                <div class=\"tp-contact__content d-flex align-items-center wow tpfadeUp\" data-wow-duration=\".9s\"\r\n                                    data-wow-delay=\".7s\">\r\n                                    <div class=\" tp-contact__adress\">\r\n                                                                                    <h3 class=\"tp-contact__title\">\u0110\u1ecba ch\u1ec9<\/h3>\r\n                                                                                                                            <div class=\"tp-contact__title-sm\">\r\n                                                V\u1edbi \u0111\u1ed9i ng\u0169 ho\u1ea1t \u0111\u1ed9ng t\u1ea1i TP. H\u1ed3 Ch\u00ed Minh v\u00e0 H\u00e0 N\u1ed9i, Gem Network \u0111\u1ed3ng h\u00e0nh c\u00f9ng c\u1ed9ng \u0111\u1ed3ng s\u00e1ng t\u1ea1o tr\u00ean kh\u1eafp Vi\u1ec7t Nam.                                            <\/div>\r\n                                                                            <\/div>\r\n                                    <div class=\"tp-contact__social\">\r\n                                                                                <div class=\"tp-contact__social-link\">\r\n                                                                                            <a href=\"https:\/\/www.facebook.com\/share\/1D914vGU2i\/\" target=\"http:\/\/1\" rel=\"http:\/\/1\">\r\n                                                                                                                                                                        <svg aria-hidden=\"true\" class=\"e-font-icon-svg e-fab-facebook-f\" viewBox=\"0 0 320 512\" xmlns=\"http:\/\/www.w3.org\/2000\/svg\"><path d=\"M279.14 288l14.22-92.66h-88.91v-60.13c0-25.35 12.42-50.06 52.24-50.06h40.42V6.26S260.43 0 225.36 0c-73.22 0-121.08 44.38-121.08 124.72v70.62H22.89V288h81.39v224h100.17V288z\"><\/path><\/svg>                                                                                                                                                            <\/a>\r\n                                                                                            <a href=\"https:\/\/www.tiktok.com\/@gem.network2025?_r=1&#038;_t=ZS-92Rxh2zdTro\" target=\"http:\/\/1\" rel=\"http:\/\/1\">\r\n                                                                                                                                                                        <svg aria-hidden=\"true\" class=\"e-font-icon-svg e-fab-tiktok\" viewBox=\"0 0 448 512\" xmlns=\"http:\/\/www.w3.org\/2000\/svg\"><path d=\"M448,209.91a210.06,210.06,0,0,1-122.77-39.25V349.38A162.55,162.55,0,1,1,185,188.31V278.2a74.62,74.62,0,1,0,52.23,71.18V0l88,0a121.18,121.18,0,0,0,1.86,22.17h0A122.18,122.18,0,0,0,381,102.39a121.43,121.43,0,0,0,67,20.14Z\"><\/path><\/svg>                                                                                                                                                            <\/a>\r\n                                                                                            <a href=\"https:\/\/www.youtube.com\/@life-at-gem\" target=\"http:\/\/1\" rel=\"http:\/\/1\">\r\n                                                                                                                                                                        <svg aria-hidden=\"true\" class=\"e-font-icon-svg e-fab-youtube\" viewBox=\"0 0 576 512\" xmlns=\"http:\/\/www.w3.org\/2000\/svg\"><path d=\"M549.655 124.083c-6.281-23.65-24.787-42.276-48.284-48.597C458.781 64 288 64 288 64S117.22 64 74.629 75.486c-23.497 6.322-42.003 24.947-48.284 48.597-11.412 42.867-11.412 132.305-11.412 132.305s0 89.438 11.412 132.305c6.281 23.65 24.787 41.5 48.284 47.821C117.22 448 288 448 288 448s170.78 0 213.371-11.486c23.497-6.321 42.003-24.171 48.284-47.821 11.412-42.867 11.412-132.305 11.412-132.305s0-89.438-11.412-132.305zm-317.51 213.508V175.185l142.739 81.205-142.739 81.201z\"><\/path><\/svg>                                                                                                                                                            <\/a>\r\n                                                                                    <\/div>\r\n                                    <\/div>\r\n                                <\/div>\r\n                            <\/div>\r\n                        <\/div>\r\n                        <div class=\"col-xl-6 col-lg-6\">\r\n                            <div class=\"tp-contact__inner wow tpfadeUp\" data-wow-duration=\".9s\" data-wow-delay=\".9s\">\r\n                                                                    <div id=\"contact-form\">\r\n                                        \n<div class=\"wpcf7 no-js\" id=\"wpcf7-f990-o1\" lang=\"en-US\" dir=\"ltr\" data-wpcf7-id=\"990\">\n<div class=\"screen-reader-response\"><p role=\"status\" aria-live=\"polite\" aria-atomic=\"true\"><\/p> <ul><\/ul><\/div>\n<form action=\"\/index.php?rest_route=%2Fwp%2Fv2%2Fpages%2F70#wpcf7-f990-o1\" method=\"post\" class=\"wpcf7-form init\" aria-label=\"Contact form\" novalidate=\"novalidate\" data-status=\"init\">\n<fieldset class=\"hidden-fields-container\"><input type=\"hidden\" name=\"_wpcf7\" value=\"990\" \/><input type=\"hidden\" name=\"_wpcf7_version\" value=\"6.1.4\" \/><input type=\"hidden\" name=\"_wpcf7_locale\" value=\"en_US\" \/><input type=\"hidden\" name=\"_wpcf7_unit_tag\" value=\"wpcf7-f990-o1\" \/><input type=\"hidden\" name=\"_wpcf7_container_post\" value=\"0\" \/><input type=\"hidden\" name=\"_wpcf7_posted_data_hash\" value=\"\" \/>\n<\/fieldset>\n<div class=\"postbox__comment-form\">\n<div class=\"row\">\n<div class=\"col-xxl-6 col-xl-6 col-lg-6\">\n<div class=\"postbox__comment-input mb-35\">\n<span class=\"wpcf7-form-control-wrap\" data-name=\"contact_form_1_name\"><input size=\"40\" maxlength=\"400\" class=\"wpcf7-form-control wpcf7-text inputText\" aria-invalid=\"false\" placeholder=\"Your Name\" value=\"\" type=\"text\" name=\"contact_form_1_name\" \/><\/span>\n<\/div>\n<\/div>\n<div class=\"col-xxl-6 col-xl-6 col-lg-6\">\n<div class=\"postbox__comment-input mb-35\">\n<span class=\"wpcf7-form-control-wrap\" data-name=\"contact_form_1_phone_number\"><input size=\"40\" maxlength=\"400\" class=\"wpcf7-form-control wpcf7-text inputText\" aria-invalid=\"false\" placeholder=\"Phone Number\" value=\"\" type=\"text\" name=\"contact_form_1_phone_number\" \/><\/span>\n<\/div>\n<\/div>\n<div class=\"col-xxl-12\">\n<div class=\"postbox__comment-input mb-35\">\n<span class=\"wpcf7-form-control-wrap\" data-name=\"contact_form_1_email\"><input size=\"40\" maxlength=\"400\" class=\"wpcf7-form-control wpcf7-email wpcf7-text wpcf7-validates-as-email inputText\" aria-invalid=\"false\" placeholder=\"Email Address\" value=\"\" type=\"email\" name=\"contact_form_1_email\" \/><\/span>\n<\/div>\n<\/div>\n<div class=\"col-xxl-12\">\n<div class=\"postbox__comment-input mb-20\">\n<span class=\"wpcf7-form-control-wrap\" data-name=\"contact_form_1_message\"><textarea cols=\"40\" rows=\"10\" maxlength=\"2000\" class=\"wpcf7-form-control wpcf7-textarea textareaText\" aria-invalid=\"false\" placeholder=\"Write Message\" name=\"contact_form_1_message\"><\/textarea><\/span>\n<\/div>\n<\/div>\n<\/div>\n<\/div>\n<div class=\"tp-contact__action\">\n<button type=\"submit\" class=\"tp-btn-secondary\">\nSend Us Messages\n<span><i class=\"far fa-angle-right\"><\/i><\/span>\n<\/button>\n<\/div><div class=\"wpcf7-response-output\" aria-hidden=\"true\"><\/div>\n<\/form>\n<\/div>\n                                    <\/div>\r\n                                                            <\/div>\r\n                        <\/div>\r\n                    <\/div>\r\n                <\/div>\r\n            <\/div>\r\n\r\n\r\n        \r\n\t\t\t\t<\/div>\n\t\t\t\t<\/div>\n\t\t\t\t<\/div>\n\t\t\t\t<\/div>\n\t\t\t\t<\/div>\n\t\t","protected":false},"excerpt":{"rendered":"<p>K\u1ebft N\u1ed1i C\u00f9ng Gem Network M\u1ed7i k\u1ebft n\u1ed1i l\u00e0 kh\u1edfi \u0111\u1ea7u cho m\u1ed9t h\u00e0nh tr\u00ecnh s\u00e1ng t\u1ea1o m\u1edbi. Li\u00ean h\u1ec7 (+84) 703622875 Email hr@gemnetwork.social \u0110\u1ecba ch\u1ec9 V\u1edbi \u0111\u1ed9i ng\u0169 ho\u1ea1t \u0111\u1ed9ng t\u1ea1i TP. H\u1ed3 Ch\u00ed Minh v\u00e0 H\u00e0 N\u1ed9i, Gem Network \u0111\u1ed3ng h\u00e0nh c\u00f9ng c\u1ed9ng \u0111\u1ed3ng s\u00e1ng t\u1ea1o tr\u00ean kh\u1eafp Vi\u1ec7t Nam. Send Us Messages<\/p>\n","protected":false},"author":1,"featured_media":0,"parent":0,"menu_order":0,"comment_status":"closed","ping_status":"closed","template":"elementor_theme","meta":{"_monsterinsights_skip_tracking":false,"_monsterinsights_sitenote_active":false,"_monsterinsights_sitenote_note":"","_monsterinsights_sitenote_category":0,"footnotes":""},"class_list":["post-70","page","type-page","status-publish","hentry"],"aioseo_notices":[],"brizy_media":[],"_links":{"self":[{"href":"https:\/\/gemnetwork.social\/index.php?rest_route=\/wp\/v2\/pages\/70","targetHints":{"allow":["GET"]}}],"collection":[{"href":"https:\/\/gemnetwork.social\/index.php?rest_route=\/wp\/v2\/pages"}],"about":[{"href":"https:\/\/gemnetwork.social\/index.php?rest_route=\/wp\/v2\/types\/page"}],"author":[{"embeddable":true,"href":"https:\/\/gemnetwork.social\/index.php?rest_route=\/wp\/v2\/users\/1"}],"replies":[{"embeddable":true,"href":"https:\/\/gemnetwork.social\/index.php?rest_route=%2Fwp%2Fv2%2Fcomments&post=70"}],"version-history":[{"count":6,"href":"https:\/\/gemnetwork.social\/index.php?rest_route=\/wp\/v2\/pages\/70\/revisions"}],"predecessor-version":[{"id":2824,"href":"https:\/\/gemnetwork.social\/index.php?rest_route=\/wp\/v2\/pages\/70\/revisions\/2824"}],"wp:attachment":[{"href":"https:\/\/gemnetwork.social\/index.php?rest_route=%2Fwp%2Fv2%2Fmedia&parent=70"}],"curies":[{"name":"wp","href":"https:\/\/api.w.org\/{rel}","templated":true}]}}