{"id":37,"date":"2024-07-25T13:57:22","date_gmt":"2024-07-25T13:57:22","guid":{"rendered":"https:\/\/oclata.com\/wp\/avtrix\/?page_id=37"},"modified":"2025-12-24T10:55:12","modified_gmt":"2025-12-24T10:55:12","slug":"service-details","status":"publish","type":"page","link":"https:\/\/gemnetwork.social\/?page_id=37","title":{"rendered":"Service &#8211; Gemnetwork | C\u00f4ng ty C\u1ed5 ph\u1ea7n Truy\u1ec1n th\u00f4ng, Gi\u1ea3i tr\u00ed Gem Network | Chi ti\u1ebft"},"content":{"rendered":"\t\t<div data-elementor-type=\"wp-page\" data-elementor-id=\"37\" class=\"elementor elementor-37\">\n\t\t\t\t<div class=\"elementor-element elementor-element-a6b80f7 e-con-full e-flex e-con e-parent\" data-id=\"a6b80f7\" data-element_type=\"container\">\n\t\t<div class=\"elementor-element elementor-element-db57393 e-con-full e-flex e-con e-child\" data-id=\"db57393\" data-element_type=\"container\">\n\t\t\t\t<div class=\"elementor-element elementor-element-c1aba8b elementor-widget elementor-widget-service-details\" data-id=\"c1aba8b\" data-element_type=\"widget\" data-widget_type=\"service-details.default\">\n\t\t\t\t<div class=\"elementor-widget-container\">\n\t\t\t\t\t\r\n        \r\n            <section class=\"tp-services__details-area tp-service__plr\">\r\n                <div class=\"container\">\r\n                    <div class=\"row\">\r\n                        <div class=\"col-xl-12\">\r\n                            <div class=\"tp-service__details-wrap d-md-flex align-items-center justify-content-between\">\r\n                                <div class=\"tp-service__details-title-box\">\r\n                                                                            <span class=\"tp-hero__subtitle mb-25 tp-split__text tp-split__in-right\">\r\n                                            Chi ti\u1ebft d\u1ecbch v\u1ee5                                        <\/span>\r\n                                                                                                                <h3 class=\"tp-service__title tp-split__text tp-split__in-right\">\r\n                                            GI\u1ea2I PH\u00c1P N\u1ed8I DUNG S\u1ed0 <br>\nT\u1ea0O GI\u00c1 TR\u1eca TH\u1ef0C\n                                        <\/h3>\r\n                                                                    <\/div>\r\n                                                                    <div class=\"tp-service__btn-wrap\">\r\n                                        <div class=\"tp-hover__btn-wrap tp-btn__bounce\">\r\n                                            <a class=\"tp-hover__btn tp-hover__btn-item\" href=\"https:\/\/gemnetwork.social\/?page_id=70\" target=\"_self\" rel=\"nofollow\">\r\n                                                <span class=\"tp-btn__circle-text\">\r\n                                                    NEED THIS SERVICE                                                <\/span>\r\n                                                <span class=\"tp-btn__circle-arrow\">\r\n                                                    <svg width=\"26\" height=\"27\" viewBox=\"0 0 26 27\" fill=\"none\"\r\n                                                        xmlns=\"http:\/\/www.w3.org\/2000\/svg\">\r\n                                                        <path d=\"M1 25.37L23.8469 2.52313M1 1H25.37V25.37\" stroke=\"white\"\r\n                                                            stroke-linecap=\"square\" stroke-linejoin=\"round\" \/>\r\n                                                    <\/svg>\r\n                                                <\/span>\r\n                                            <\/a>\r\n                                        <\/div>\r\n                                    <\/div>\r\n                                                            <\/div>\r\n                        <\/div>\r\n                    <\/div>\r\n                <\/div>\r\n            <\/section>\r\n\r\n            <section class=\"tp-services__details-tab-wrapp fix\">\r\n                <div class=\"container\">\r\n                    <div class=\"row\">\r\n                        <div class=\"col-xl-12\">\r\n                                                            <div class=\"tp-service__details-tab-thumb mb-50\">\r\n                                    <img decoding=\"async\" src=\"https:\/\/gemnetwork.social\/wp-content\/uploads\/2025\/12\/Minimal_abstract_digital_202512221541.jpeg\" alt=\"\">\r\n                                <\/div>\r\n                                                                                        <div class=\"tp-service__details-content mb-55\"><p>\u00a0<\/p><h3 class=\"tp-service__details-title mb-25 tp-split__text tp-split__in-right\">CHI\u1ebeN L\u01af\u1ee2C &amp; K\u1ebe HO\u1ea0CH N\u1ed8I DUNG M\u1ea0NG X\u00c3 H\u1ed8I<\/h3><p>Gem Network x\u00e2y d\u1ef1ng chi\u1ebfn l\u01b0\u1ee3c n\u1ed9i dung v\u00e0 k\u1ebf ho\u1ea1ch ph\u00e1t tri\u1ec3n m\u1ea1ng x\u00e3 h\u1ed9i d\u1ef1a tr\u00ean vi\u1ec7c ph\u00e2n t\u00edch m\u1ee5c ti\u00eau, t\u1ec7p kh\u00e1n gi\u1ea3 v\u00e0 h\u00e0nh vi ng\u01b0\u1eddi xem tr\u00ean t\u1eebng n\u1ec1n t\u1ea3ng.<\/p><p>Thay v\u00ec t\u1ea1o n\u1ed9i dung r\u1eddi r\u1ea1c, ch\u00fang t\u00f4i t\u1eadp trung v\u00e0o vi\u1ec7c x\u00e2y d\u1ef1ng h\u1ec7 th\u1ed1ng n\u1ed9i dung nh\u1ea5t qu\u00e1n, c\u00f3 \u0111\u1ecbnh h\u01b0\u1edbng r\u00f5 r\u00e0ng v\u00e0 kh\u1ea3 n\u0103ng t\u0103ng tr\u01b0\u1edfng d\u00e0i h\u1ea1n.<\/p><p>T\u1eeb \u00fd t\u01b0\u1edfng, format n\u1ed9i dung \u0111\u1ebfn l\u1ecbch \u0111\u0103ng t\u1ea3i v\u00e0 c\u00e1ch ti\u1ebfp c\u1eadn c\u1ed9ng \u0111\u1ed3ng, Gem Network \u0111\u1ed3ng h\u00e0nh c\u00f9ng Creator v\u00e0 th\u01b0\u01a1ng hi\u1ec7u \u0111\u1ec3 t\u1ed1i \u01b0u hi\u1ec7u qu\u1ea3 truy\u1ec1n th\u00f4ng, gi\u1eef v\u1eefng b\u1ea3n s\u1eafc v\u00e0 m\u1edf r\u1ed9ng t\u1ea7m \u1ea3nh h\u01b0\u1edfng m\u1ed9t c\u00e1ch b\u1ec1n v\u1eefng.<\/p><h3 class=\"tp-service__details-title details-sm-title mt-70 tp-split__text tp-split__in-right\">K\u1ebeT N\u1ed0I N\u1ed8I DUNG V\u1edaI KH\u00c1N GI\u1ea2<\/h3><p>Ch\u00fang t\u00f4i tin r\u1eb1ng n\u1ed9i dung ch\u1ec9 th\u1ef1c s\u1ef1 hi\u1ec7u qu\u1ea3 khi ch\u1ea1m \u0111\u00fang c\u1ea3m x\u00fac v\u00e0 nhu c\u1ea7u c\u1ee7a ng\u01b0\u1eddi xem.<\/p><p>Gem Network gi\u00fap x\u00e2y d\u1ef1ng c\u1ea7u n\u1ed1i gi\u1eefa Creator, th\u01b0\u01a1ng hi\u1ec7u v\u00e0 c\u1ed9ng \u0111\u1ed3ng th\u00f4ng qua chi\u1ebfn l\u01b0\u1ee3c n\u1ed9i dung ph\u00f9 h\u1ee3p t\u1eebng n\u1ec1n t\u1ea3ng, t\u1eebng giai \u0111o\u1ea1n ph\u00e1t tri\u1ec3n.<\/p><\/div><div class=\"tp-service__details-list-box mb-70\"><div class=\"row\"><div class=\"col-xl-6 col-lg-6\"><div class=\"tp-service__details-list\"><a href=\"#\"><br \/><i class=\"fas fa-badge-check\"><\/i><br \/><\/a><a href=\"#\">Chi\u1ebfn l\u01b0\u1ee3c n\u1ed9i dung c\u00e1 nh\u00e2n ho\u00e1<\/a><br \/><a href=\"#\"><br \/><i class=\"fas fa-badge-check\"><\/i><br \/><\/a><a href=\"#\">Ph\u00e2n t\u00edch t\u1ec7p kh\u00e1n gi\u1ea3 m\u1ee5c ti\u00eau<\/a><br \/><a href=\"#\"><br \/><i class=\"fas fa-badge-check\"><\/i><br \/><\/a><a href=\"#\">Nghi\u00ean c\u1ee9u \u0111\u1ed1i th\u1ee7 &amp; xu h\u01b0\u1edbng n\u1ed9i dung<\/a><br \/><a href=\"#\"><br \/><i class=\"fas fa-badge-check\"><\/i><br \/><\/a><a href=\"#\">K\u1ebft n\u1ed1i Creator &amp; Influencer ph\u00f9 h\u1ee3p<\/a><br \/><a href=\"#\"><br \/><i class=\"fas fa-badge-check\"><\/i><br \/>Theo d\u00f5i xu h\u01b0\u1edbng &amp; t\u1ed1i \u01b0u hashtag<br \/><\/a><\/div><\/div><div class=\"col-xl-6 col-lg-6\"><div class=\"tp-service__details-list\"><a href=\"#\"><br \/><i class=\"fas fa-badge-check\"><\/i><br \/>Thi\u1ebft k\u1ebf h\u00ecnh \u1ea3nh &amp; visual n\u1ed9i dung<br \/><\/a><br \/><a href=\"#\"><br \/><i class=\"fas fa-badge-check\"><\/i><br \/>T\u1ed1i \u01b0u h\u1ed3 s\u01a1 &amp; \u0111\u1ecbnh v\u1ecb k\u00eanh<br \/><\/a><br \/><a href=\"#\"><br \/><i class=\"fas fa-badge-check\"><\/i><br \/>\u0110\u1ed3ng b\u1ed9 n\u1ed9i dung \u0111a n\u1ec1n t\u1ea3ng<br \/><\/a><br \/><a href=\"#\"><br \/><i class=\"fas fa-badge-check\"><\/i><br \/>Qu\u1ea3ng b\u00e1 ch\u00e9o &amp; m\u1edf r\u1ed9ng ti\u1ebfp c\u1eadn<br \/><\/a><br \/><a href=\"#\"><br \/><i class=\"fas fa-badge-check\"><\/i><br \/>Video n\u1ed9i dung &amp; storytelling<br \/><\/a><\/div><\/div><\/div><\/div>\r\n                                                    <\/div>\r\n                    <\/div>\r\n                <\/div>\r\n            <\/section>\r\n\r\n                            <section class=\"tp-services__details-featured fix pb-100\"><div class=\"container\"><div class=\"tp-service__details-thumb-box mb-65\"><div class=\"row\"><div class=\"col-xl-6 col-lg-6\"><div class=\"tp-service__details-thumb-sm\"><img decoding=\"async\" src=\"https:\/\/oclata.com\/wp\/avtrix\/wp-content\/uploads\/2024\/09\/service-fea-1.jpg\" alt=\"\" \/><\/div><\/div><div class=\"col-xl-6 col-lg-6\"><div class=\"tp-service__details-thumb-sm\"><img decoding=\"async\" src=\"https:\/\/oclata.com\/wp\/avtrix\/wp-content\/uploads\/2024\/09\/service-fea-2.jpg\" alt=\"\" \/><\/div><\/div><\/div><\/div><div class=\"tp-services__details-fea-wrap\"><div class=\"row\"><div class=\"col-xl-12\"><div class=\"tp-service__details-fea-title-box\"><h3 class=\"tp-service__details-fea-title mb-25 tp-split__text tp-split__in-right\">TH\u00c0NH C\u00d4NG \u0110\u01af\u1ee2C \u0110\u1ecaNH NGH\u0128A NH\u01af TH\u1ebe N\u00c0O?<\/h3><blockquote data-start=\"2418\" data-end=\"2611\"><p data-start=\"2420\" data-end=\"2611\">V\u1edbi Gem Network, th\u00e0nh c\u00f4ng kh\u00f4ng ch\u1ec9 n\u1eb1m \u1edf l\u01b0\u1ee3t xem hay con s\u1ed1 ng\u1eafn h\u1ea1n, m\u00e0 l\u00e0 kh\u1ea3 n\u0103ng x\u00e2y d\u1ef1ng n\u1ed9i dung c\u00f3 chi\u1ec1u s\u00e2u, gi\u1eef \u0111\u01b0\u1ee3c b\u1ea3n s\u1eafc v\u00e0 t\u1ea1o ra gi\u00e1 tr\u1ecb l\u00e2u d\u00e0i cho Creator v\u00e0 th\u01b0\u01a1ng hi\u1ec7u.<\/p><\/blockquote><\/div><div class=\"tp-service__details-fea-list-box\"><div class=\"tp-service__details-fea-list\"><ul><li><i class=\"fas fa-check\"><\/i><br \/>S\u00e1ng t\u1ea1o n\u1ed9i dung \u0111\u00fang \u0111\u1ecbnh h\u01b0\u1edbng<\/li><li><i class=\"fas fa-check\"><\/i><br \/>T\u1ed1i \u01b0u h\u00ecnh \u1ea3nh &amp; tr\u1ea3i nghi\u1ec7m n\u1ed9i dung<\/li><li><i class=\"fas fa-check\"><\/i><br \/>X\u00e2y d\u1ef1ng &amp; ph\u00e1t tri\u1ec3n h\u1ec7 th\u1ed1ng n\u1ed9i dung<\/li><li><i class=\"fas fa-check\"><\/i><br \/>Truy\u1ec1n th\u00f4ng &amp; ph\u00e2n ph\u1ed1i \u0111a n\u1ec1n t\u1ea3ng<\/li><\/ul><\/div><div class=\"tp-service__details-fea-list\"><ul><li><i class=\"fas fa-check\"><\/i><br \/>S\u00e1ng t\u1ea1o n\u1ed9i dung \u0111\u00fang \u0111\u1ecbnh h\u01b0\u1edbng<\/li><li><i class=\"fas fa-check\"><\/i><br \/>T\u1ed1i \u01b0u h\u00ecnh \u1ea3nh &amp; tr\u1ea3i nghi\u1ec7m n\u1ed9i dung<\/li><li><i class=\"fas fa-check\"><\/i><br \/>X\u00e2y d\u1ef1ng &amp; ph\u00e1t tri\u1ec3n h\u1ec7 th\u1ed1ng n\u1ed9i dung<\/li><li><i class=\"fas fa-check\"><\/i><br \/>Truy\u1ec1n th\u00f4ng &amp; ph\u00e2n ph\u1ed1i \u0111a n\u1ec1n t\u1ea3ng<\/li><\/ul><\/div><div class=\"tp-service__details-fea-list\"><ul><li>\u00a0<\/li><\/ul><\/div><\/div><\/div><\/div><\/div><\/div><\/section>            \r\n        \r\n\t\t\t\t<\/div>\n\t\t\t\t<\/div>\n\t\t\t\t<\/div>\n\t\t\t\t<\/div>\n\t\t\t\t<\/div>\n\t\t","protected":false},"excerpt":{"rendered":"<p>Chi ti\u1ebft d\u1ecbch v\u1ee5 GI\u1ea2I PH\u00c1P N\u1ed8I DUNG S\u1ed0 T\u1ea0O GI\u00c1 TR\u1eca TH\u1ef0C NEED THIS SERVICE \u00a0 CHI\u1ebeN L\u01af\u1ee2C &amp; K\u1ebe HO\u1ea0CH N\u1ed8I DUNG M\u1ea0NG X\u00c3 H\u1ed8I Gem Network x\u00e2y d\u1ef1ng chi\u1ebfn l\u01b0\u1ee3c n\u1ed9i dung v\u00e0 k\u1ebf ho\u1ea1ch ph\u00e1t tri\u1ec3n m\u1ea1ng x\u00e3 h\u1ed9i d\u1ef1a tr\u00ean vi\u1ec7c ph\u00e2n t\u00edch m\u1ee5c ti\u00eau, t\u1ec7p kh\u00e1n gi\u1ea3 v\u00e0 h\u00e0nh [&hellip;]<\/p>\n","protected":false},"author":1,"featured_media":0,"parent":0,"menu_order":0,"comment_status":"closed","ping_status":"closed","template":"elementor_header_footer","meta":{"_monsterinsights_skip_tracking":false,"_monsterinsights_sitenote_active":false,"_monsterinsights_sitenote_note":"","_monsterinsights_sitenote_category":0,"footnotes":""},"class_list":["post-37","page","type-page","status-publish","hentry"],"aioseo_notices":[],"brizy_media":[],"_links":{"self":[{"href":"https:\/\/gemnetwork.social\/index.php?rest_route=\/wp\/v2\/pages\/37","targetHints":{"allow":["GET"]}}],"collection":[{"href":"https:\/\/gemnetwork.social\/index.php?rest_route=\/wp\/v2\/pages"}],"about":[{"href":"https:\/\/gemnetwork.social\/index.php?rest_route=\/wp\/v2\/types\/page"}],"author":[{"embeddable":true,"href":"https:\/\/gemnetwork.social\/index.php?rest_route=\/wp\/v2\/users\/1"}],"replies":[{"embeddable":true,"href":"https:\/\/gemnetwork.social\/index.php?rest_route=%2Fwp%2Fv2%2Fcomments&post=37"}],"version-history":[{"count":5,"href":"https:\/\/gemnetwork.social\/index.php?rest_route=\/wp\/v2\/pages\/37\/revisions"}],"predecessor-version":[{"id":2730,"href":"https:\/\/gemnetwork.social\/index.php?rest_route=\/wp\/v2\/pages\/37\/revisions\/2730"}],"wp:attachment":[{"href":"https:\/\/gemnetwork.social\/index.php?rest_route=%2Fwp%2Fv2%2Fmedia&parent=37"}],"curies":[{"name":"wp","href":"https:\/\/api.w.org\/{rel}","templated":true}]}}